{"id":1085,"date":"2015-04-06T22:51:59","date_gmt":"2015-04-06T22:51:59","guid":{"rendered":"http:\/\/www.magicien-anniversaire-enfant.com\/blog\/?page_id=1085"},"modified":"2026-04-22T14:40:29","modified_gmt":"2026-04-22T12:40:29","slug":"diaporama-du-pack-animation-anniversaire-enfant","status":"publish","type":"page","link":"https:\/\/www.magicien-anniversaire-enfant.com\/blog\/diaporama-du-pack-animation-anniversaire-enfant","title":{"rendered":"DIAPORAMA DU PACK"},"content":{"rendered":"<h1 style=\"text-align: center;\"><span style=\"color: #cc0000;\"><strong><span style=\"color: #ff0000;\">Diaporama<\/span><br \/>\n<\/strong><\/span>du <span style=\"color: #ff0000;\">P<\/span>ack <span style=\"color: #ff0000;\">A<\/span>nimation <span style=\"color: #ff0000;\">A<\/span>nniversaire <span style=\"color: #ff0000;\">E<\/span>nfant<\/h1>\n<p><!--\n\n\n<h5 style=\"text-align: center;\">\" Ma fille se rappellera de ses 10 ans gr\u00e2ce \u00e0 vous ... M\u00eame le port du masque n'a pas g\u00e2ch\u00e9 sa joie ! \"\n<span style=\"color: #ff0000;\">\u00c9milie, N\u00eemes<\/span><\/h5>\n\n\n&nbsp;\n--><\/p>\n<p><!-- DEBUT AFFICHAGE VIDEO YT\n\n\n<table style=\"border-style: none; text-align: left; width: 100%;\" border=\"1\" cellspacing=\"2\" cellpadding=\"2\">\n\n\n<tbody>\n\n\n<tr style=\"border-style: none;\">\n\n\n<td style=\"border-style: none; vertical-align: top; width: 15%;\">&nbsp;<\/td>\n\n\n\n\n<td style=\"border-style: none; margin: auto; vertical-align: middle; width: 52%; text-align: center;\" colspan=\"1\" rowspan=\"1\">[embedyt] https:\/\/www.youtube.com\/watch?v=1_pAmgd3dQQ[\/embedyt]<\/td>\n\n\n\n\n<td style=\"border-style: none; vertical-align: top; width: 15%;\">&nbsp;<\/td>\n\n\n<\/tr>\n\n\n<\/tbody>\n\n\n<\/table>\n\n\nFIN AFFICHAGE VIDEO --><\/p>\n<p><!-- VIDEO VIMEO DIAPO ANNIV --><\/p>\n<div style=\"width: 70%; margin: auto;\">\n<div style=\"padding: 56.25% 0 0 0; position: relative;\"><iframe style=\"position: absolute; top: 0; left: 0; width: 100%; height: 100%;\" title=\"Chrystian Yann - Magicien Anniversaires Enfants - Diaporama\" src=\"https:\/\/player.vimeo.com\/video\/645081379?h=d3b8f2cd99&amp;badge=0&amp;autopause=0&amp;player_id=0&amp;app_id=58479\" frameborder=\"0\" allowfullscreen=\"allowfullscreen\"><br \/>\n<\/iframe><\/div>\n<\/div>\n<p><script src=\"https:\/\/player.vimeo.com\/api\/player.js\"><\/script><!-- FIN VIDEO VIMEO DIAPO ANNIV --><\/p>\n<p style=\"text-align: center;\"><a class=\"maxbutton-1 maxbutton maxbutton-tarifs-paae\" title=\"Obtenez Gratuitement Un Devis Personnalis\u00e9\" href=\"https:\/\/www.LaMagieDeChrystian.fr\/en-savoir-plus.html\"><span class='mb-text'>&gt;&gt; Conna\u00eetre Le Tarif<\/span><\/a>\n","protected":false},"excerpt":{"rendered":"<p>Diaporama du Pack Animation Anniversaire Enfant<\/p>\n","protected":false},"author":2,"featured_media":0,"parent":0,"menu_order":0,"comment_status":"closed","ping_status":"closed","template":"","meta":{"footnotes":""},"class_list":["post-1085","page","type-page","status-publish","hentry"],"blocksy_meta":[],"_links":{"self":[{"href":"https:\/\/www.magicien-anniversaire-enfant.com\/blog\/wp-json\/wp\/v2\/pages\/1085","targetHints":{"allow":["GET"]}}],"collection":[{"href":"https:\/\/www.magicien-anniversaire-enfant.com\/blog\/wp-json\/wp\/v2\/pages"}],"about":[{"href":"https:\/\/www.magicien-anniversaire-enfant.com\/blog\/wp-json\/wp\/v2\/types\/page"}],"author":[{"embeddable":true,"href":"https:\/\/www.magicien-anniversaire-enfant.com\/blog\/wp-json\/wp\/v2\/users\/2"}],"replies":[{"embeddable":true,"href":"https:\/\/www.magicien-anniversaire-enfant.com\/blog\/wp-json\/wp\/v2\/comments?post=1085"}],"version-history":[{"count":47,"href":"https:\/\/www.magicien-anniversaire-enfant.com\/blog\/wp-json\/wp\/v2\/pages\/1085\/revisions"}],"predecessor-version":[{"id":3185,"href":"https:\/\/www.magicien-anniversaire-enfant.com\/blog\/wp-json\/wp\/v2\/pages\/1085\/revisions\/3185"}],"wp:attachment":[{"href":"https:\/\/www.magicien-anniversaire-enfant.com\/blog\/wp-json\/wp\/v2\/media?parent=1085"}],"curies":[{"name":"wp","href":"https:\/\/api.w.org\/{rel}","templated":true}]}}