{"id":1126,"date":"2015-04-09T20:59:18","date_gmt":"2015-04-09T18:59:18","guid":{"rendered":"http:\/\/www.magicien-anniversaire-enfant.com\/blog\/?page_id=1126"},"modified":"2026-04-22T08:40:19","modified_gmt":"2026-04-22T06:40:19","slug":"un-magicien-a-domicile-pour-son-anniversaire","status":"publish","type":"page","link":"https:\/\/www.magicien-anniversaire-enfant.com\/blog\/","title":{"rendered":"Un Magicien \u00c0 Domicile Pour Son Anniversaire"},"content":{"rendered":"<h1 style=\"text-align: center;\">Un <span style=\"color: #cc0000;\"><strong>Magicien \u00c0 Domicile<br \/>\n<\/strong><\/span>Un <span style=\"color: #cc0000;\">Anniversaire<\/span> Pas Comme Les Autres<\/h1>\n<h6 style=\"text-align: center;\"><img loading=\"lazy\" decoding=\"async\" class=\"aligncenter wp-image-3087\" src=\"http:\/\/www.magicien-anniversaire-enfant.com\/blog\/wp-magic-blog\/uploads\/2023\/08\/magicien-a-domicile.jpeg\" alt=\"magicien \u00e0 domicile\" width=\"800\" height=\"472\" srcset=\"https:\/\/www.magicien-anniversaire-enfant.com\/blog\/wp-magic-blog\/uploads\/2023\/08\/magicien-a-domicile.jpeg 1500w, https:\/\/www.magicien-anniversaire-enfant.com\/blog\/wp-magic-blog\/uploads\/2023\/08\/magicien-a-domicile-300x177.jpeg 300w, https:\/\/www.magicien-anniversaire-enfant.com\/blog\/wp-magic-blog\/uploads\/2023\/08\/magicien-a-domicile-1024x604.jpeg 1024w, https:\/\/www.magicien-anniversaire-enfant.com\/blog\/wp-magic-blog\/uploads\/2023\/08\/magicien-a-domicile-768x453.jpeg 768w, https:\/\/www.magicien-anniversaire-enfant.com\/blog\/wp-magic-blog\/uploads\/2023\/08\/magicien-a-domicile-956x564.jpeg 956w\" sizes=\"auto, (max-width: 800px) 100vw, 800px\" \/><\/h6>\n<h5 style=\"text-align: center;\">\u00a0\u00bb Ma fille se rappellera de ses 10 ans gr\u00e2ce \u00e0 vous &#8230;<br \/>\nM\u00eame le port du masque n&rsquo;a pas g\u00e2ch\u00e9 sa joie ! \u00a0\u00bb<br \/>\n<span style=\"color: #ff0000;\">\u00c9milie, N\u00eemes<\/span><\/h5>\n<p>Bonjour,<\/p>\n<p>L&rsquo;anniversaire de votre enfant approche \u00e0 grand pas.<\/p>\n<p>Les ann\u00e9es pr\u00e9c\u00e9dentes il a s\u00fbrement f\u00eat\u00e9 son anniversaire en famille !<br \/>\nCette ann\u00e9e, il a grandi et voil\u00e0 qu&rsquo;il vous demande de souffler ses bougies avec les copains et les copines de classe &#8230;<\/p>\n<h2>Si vous cherchez une surprise originale :<\/h2>\n<ul>\n<li>Qui divertisse votre enfant durant <span style=\"color: #cc0000;\"><strong>tout l&rsquo;apr\u00e8s-midi<\/strong><\/span><\/li>\n<li>Qui <strong><span style=\"color: #cc0000;\">convienne aussi aux fr\u00e8res et s\u0153urs<\/span><\/strong> qui n&rsquo;ont pas forc\u00e9ment le m\u00eame \u00e2ge<\/li>\n<li><span style=\"color: #000000;\">Qui soit<span style=\"color: #cc0000;\"><strong> facile \u00e0 organiser<\/strong><\/span><\/span> en un minimum de temps<\/li>\n<li>Qui soit simple et rapide \u00e0 mettre en place <span style=\"color: #cc0000;\"><strong>quel que soit l&rsquo;espace dont vous disposez<\/strong><\/span><\/li>\n<li>Qui vous permette de profiter de la f\u00eate en <strong><span style=\"color: #cc0000;\">vous laissant relativement disponible<\/span><\/strong><\/li>\n<li><span style=\"color: #cc0000;\"><strong>Qui reste grav\u00e9 tr\u00e8s longtemps<\/strong><\/span> dans la m\u00e9moire de votre enfant<\/li>\n<\/ul>\n<h2>et que vous avez des pens\u00e9es du genre :<\/h2>\n<ul>\n<li>\u00a0\u00bb Ils vont <strong>s&rsquo;ennuyer \u00a0\u00bb<br \/>\n<\/strong><\/li>\n<li>\u00a0\u00bb Mais<strong> comment je vais les occuper<\/strong> ? \u00ab\u00a0<\/li>\n<li>\u00a0\u00bb Ils vont \u00eatre <strong>\u00e0 l&rsquo;\u00e9troit chez moi \u00a0\u00bb<br \/>\n<\/strong><\/li>\n<li>\u00a0\u00bb Ils vont <strong>mettre le bazar<\/strong> dans tout l&rsquo;appartement \u00ab\u00a0<\/li>\n<li>\u00a0\u00bb Je ne sais pas <strong>par o\u00f9 commencer pour organiser cette f\u00eate \u00a0\u00bb<br \/>\n<\/strong><\/li>\n<li>\u00a0\u00bb Les pr\u00e9paratifs vont me demander <strong>trop de temps \u00a0\u00bb<br \/>\n<\/strong><\/li>\n<li>\u00a0\u00bb J&rsquo;aurai s\u00fbrement <strong>beaucoup de mal \u00e0 g\u00e9rer tout \u00e7a<\/strong> le jour m\u00eame \u00ab\u00a0<\/li>\n<li>\u00a0\u00bb C&rsquo;est pas possible, <strong>jamais je ne parviendrai \u00e0 organiser<\/strong> cette journ\u00e9e \u00a0\u00bb<br \/>\n&#8230;<\/li>\n<\/ul>\n<h2>Alors vous \u00eates au bon endroit &#8230; j&rsquo;ai une <span style=\"color: #cc0000;\">solution<\/span> pour vous\u00a0!<\/h2>\n<p>&nbsp;<\/p>\n<p>Tout d&rsquo;abord, faisons les pr\u00e9sentations &#8230; !<\/p>\n<p>Je suis <strong><span style=\"color: #cc0000;\">Chrystian YANN<\/span><\/strong>, Artiste Magicien.<br \/>\nJ&rsquo;ai <span style=\"color: #cc0000;\"><strong>commenc\u00e9 la Magie \u00e0 9 ans<\/strong><\/span>.<br \/>\nJe vis de cette passion <strong><span style=\"color: #cc0000;\">depuis 1995<\/span><\/strong>.<\/p>\n<p>Je suis sp\u00e9cialis\u00e9 dans la magie pour les enfants.<br \/>\nJe travaille r\u00e9guli\u00e8rement dans les \u00e9coles, les centres de loisirs et chez les particuliers.<\/p>\n<p>Au fil des ann\u00e9es et des anniversaires que j&rsquo;ai anim\u00e9, j&rsquo;ai pu diff\u00e9rencier les animations qui plaisaient vraiment aux enfants de celles qui ne leur plaisaient pas du tout.<\/p>\n<p>J&rsquo;ai \u00e9labor\u00e9, petit \u00e0 petit, un programme d&rsquo;animation ad\u00e9quat, <strong>qui laisse litt\u00e9ralement bouche b\u00e9e, non seulement les enfants, mais aussi leurs parents<\/strong>.<\/p>\n<p>J&rsquo;ai modifi\u00e9, peaufin\u00e9, am\u00e9lior\u00e9 ce programme au fur et \u00e0 mesure des anniversaires.<\/p>\n<p>C&rsquo;est ainsi qu&rsquo;aujourd&rsquo;hui, je vous propose la solution pour r\u00e9ussir \u00e0 coup s\u00fbr<br \/>\nl&rsquo;anniversaire de votre enfant :<\/p>\n<p>&nbsp;<\/p>\n<h3 style=\"text-align: center;\">Cette solution se nomme PAAE :<\/h3>\n<h1 style=\"text-align: center;\">\u00a0\u00bb P<span style=\"color: #cc0000;\">ack<\/span> A<span style=\"color: #cc0000;\">nimation<\/span> A<span style=\"color: #cc0000;\">nniversaires<\/span> E<span style=\"color: #cc0000;\">nfants <\/span>\u00a0\u00bb \u00a9<\/h1>\n<h3 style=\"text-align: center;\">Voici en d\u00e9tail le contenu de ce Pack<\/h3>\n<p>&nbsp;<\/p>\n<p>&nbsp;<\/p>\n<h3 style=\"text-align: center;\">1\u00e8re Animation<\/h3>\n<h1 style=\"text-align: center;\"><span style=\"color: #cc0000;\">De La Magie Au Rendez-Vous<\/span><\/h1>\n<p>&nbsp;<\/p>\n<div class=\"L400\">\n<figure id=\"attachment_1385\" aria-describedby=\"caption-attachment-1385\" style=\"width: 213px\" class=\"wp-caption alignleft\"><img loading=\"lazy\" decoding=\"async\" class=\"wp-image-1385 size-full\" title=\"La Magie de Chrystian Yann op\u00e8re ...\" src=\"https:\/\/www.magicien-anniversaire-enfant.com\/blog\/wp-magic-blog\/uploads\/2015\/04\/joie_etonnement.jpg\" alt=\"La Magie de Chrystian Yann op\u00e8re ...\" width=\"213\" height=\"162\" \/><figcaption id=\"caption-attachment-1385\" class=\"wp-caption-text\">Joie et \u00e9tonnement sur les visages<\/figcaption><\/figure>\n<p>La f\u00eate commence par un spectacle de magie o\u00f9 les enfants prennent une part active dans le d\u00e9roulement des tours !<\/p>\n<p>&nbsp;<\/p>\n<figure id=\"attachment_1375\" aria-describedby=\"caption-attachment-1375\" style=\"width: 213px\" class=\"wp-caption alignleft\"><img loading=\"lazy\" decoding=\"async\" class=\"wp-image-1375 size-full\" title=\"Complicit\u00e9 spontan\u00e9e\" src=\"https:\/\/www.magicien-anniversaire-enfant.com\/blog\/wp-magic-blog\/uploads\/2015\/04\/complicite_enfant.jpg\" alt=\"Complicit\u00e9 spontan\u00e9e\" width=\"213\" height=\"224\" \/><figcaption id=\"caption-attachment-1375\" class=\"wp-caption-text\">Complicit\u00e9 spontan\u00e9e<\/figcaption><\/figure>\n<p>\u00ab\u00a0Notre camarade serait &#8211; il devenu lui aussi Magicien ?\u00a0\u00bb<\/p>\n<p>C&rsquo;est la question que se poseront tous les invit\u00e9s de votre enfant !<\/p>\n<p>&nbsp;<\/p>\n<\/div>\n<p>&nbsp;<\/p>\n<h2 style=\"text-align: center;\">\u00a0\u00bb Une <span style=\"color: #cc0000;\">majorit\u00e9 d&rsquo;enfants<\/span> est attir\u00e9e par la <span style=\"color: #cc0000;\">Magie<\/span> ! \u00ab\u00a0<\/h2>\n<p>&nbsp;<\/p>\n<h3>Alors imaginez un instant &#8230; :<\/h3>\n<p style=\"padding-left: 60px;\">C&rsquo;est <strong><span style=\"color: #cc0000;\">le jour J<\/span><\/strong> : l&rsquo;anniversaire de votre enfant.<br \/>\nVous lui r\u00e9servez<strong> une surprise de taille :<span style=\"color: #cc0000;\"> Un Magicien \u00e0 Domicile <\/span>rien que pour lui<\/strong><br \/>\nIl est en train de jouer avec ses invit\u00e9s.<br \/>\nIl se demande ce que peut bien faire ce Monsieur inconnu venu chez lui.<\/p>\n<h3>Et l\u00e0 &#8230; La Magie Commence !<\/h3>\n<p style=\"padding-left: 60px;\">Vous appelez tous les enfants pour qu&rsquo;ils s&rsquo;installent<br \/>\nLe votre est au comble de la curiosit\u00e9 !<br \/>\nIl r\u00e9alise enfin : \u00a0\u00bb <strong><span style=\"color: #cc0000;\">C&rsquo;est un Magicien ! \u00a0\u00bb s&rsquo;\u00e9crit-il<\/span><\/strong> !<br \/>\nSes yeux s&rsquo;\u00e9carquillent<br \/>\n<strong><span style=\"color: #cc0000;\">Il se sent fier<\/span><\/strong> devant ses camarades<br \/>\nLe Magicien est venu sp\u00e9cialement chez lui pour faire son spectacle<br \/>\nQuelle joie de voir ses yeux briller (gr\u00e2ce \u00e0 vous) !<br \/>\nJamais il n&rsquo;avait v\u00e9cu un anniversaire pareil !<\/p>\n<p>&nbsp;<\/p>\n<h3 style=\"text-align: center;\">2\u00e8me Animation<\/h3>\n<h1 style=\"text-align: center;\"><span style=\"color: #cc0000;\">Un Atelier de Magie pour Apprendre<\/span><\/h1>\n<p>&nbsp;<\/p>\n<div class=\"L500\">\n<figure id=\"attachment_1363\" aria-describedby=\"caption-attachment-1363\" style=\"width: 185px\" class=\"wp-caption alignleft\"><img loading=\"lazy\" decoding=\"async\" class=\"wp-image-1363 size-full\" title=\"Ateliers de Magie : La p\u00e9dagogie au rendez-vous\" src=\"https:\/\/www.magicien-anniversaire-enfant.com\/blog\/wp-magic-blog\/uploads\/2015\/04\/Atelier-Grands-Enfants.jpg\" alt=\"Atelier-Grands-Enfants\" width=\"185\" height=\"250\" \/><figcaption id=\"caption-attachment-1363\" class=\"wp-caption-text\">Une Magicienne en herbe tr\u00e8s attentive<\/figcaption><\/figure>\n<figure id=\"attachment_1365\" aria-describedby=\"caption-attachment-1365\" style=\"width: 271px\" class=\"wp-caption alignleft\"><img loading=\"lazy\" decoding=\"async\" class=\"wp-image-1365 size-full\" title=\"Une Magicienne en pleine action\" src=\"https:\/\/www.magicien-anniversaire-enfant.com\/blog\/wp-magic-blog\/uploads\/2015\/04\/Ateliers-Anniversaires.jpg\" alt=\"Ateliers-Anniversaires\" width=\"271\" height=\"250\" \/><figcaption id=\"caption-attachment-1365\" class=\"wp-caption-text\">Une Jeune Magicienne en train de bluffer son public<\/figcaption><\/figure>\n<figure id=\"attachment_1364\" aria-describedby=\"caption-attachment-1364\" style=\"width: 165px\" class=\"wp-caption alignleft\"><img loading=\"lazy\" decoding=\"async\" class=\"wp-image-1364 size-full\" title=\"Atelier de Magie pour les plus jeunes\" src=\"https:\/\/www.magicien-anniversaire-enfant.com\/blog\/wp-magic-blog\/uploads\/2015\/04\/Atelier-Jeunes-Enfants.jpg\" alt=\"Atelier-Jeunes-Enfants\" width=\"165\" height=\"250\" \/><figcaption id=\"caption-attachment-1364\" class=\"wp-caption-text\">L&rsquo;atelier est adapt\u00e9 aux plus jeunes<\/figcaption><\/figure>\n<\/div>\n<p>&nbsp;<\/p>\n<p>&nbsp;<\/p>\n<p>&nbsp;<\/p>\n<p>&nbsp;<\/p>\n<p>&nbsp;<\/p>\n<p>&nbsp;<\/p>\n<h2 style=\"text-align: center;\">\u00a0\u00bb Les enfants adorent la Magie<br \/>\net ce qu&rsquo;ils aiment par dessus tout<br \/>\nc&rsquo;est <span style=\"color: #cc0000;\">apprendre \u00e0 \u00eatre eux-m\u00eames Magiciens<\/span> ! \u00ab\u00a0<\/h2>\n<p>&nbsp;<\/p>\n<p>C&rsquo;est ce qui m&rsquo;a d\u00e9cid\u00e9 \u00e0 int\u00e9grer au pack un atelier qui permet aux enfants d&rsquo;apprendre un des tours de Magie auquel ils ont assist\u00e9 juste avant dans le spectacle !<\/p>\n<p>Les enfants peuvent facilement refaire ce tour chez eux !<\/p>\n<p>&nbsp;<\/p>\n<blockquote>\n<p style=\"text-align: center;\">Et voil\u00e0 la Pause go\u00fbter, r\u00e9alis\u00e9 par vos soins &#8230;<br \/>\n&#8230;<br \/>\nC&rsquo;est peut-\u00eatre le moment d&rsquo;ouvrir les cadeaux !<\/p>\n<\/blockquote>\n<p>&nbsp;<\/p>\n<p>&nbsp;<\/p>\n<h3 style=\"text-align: center;\">3\u00e8me Animation<\/h3>\n<h1 style=\"text-align: center;\"><span style=\"color: #cc0000;\">Spectacle de Sculptures sur Ballons<\/span><\/h1>\n<p>&nbsp;<\/p>\n<p style=\"text-align: center;\">Avez-vous d\u00e9j\u00e0 observ\u00e9 un enfant \u00e0 qui on offre un simple ballon de baudruche ?<br \/>\nSon regard s&rsquo;illumine instantan\u00e9ment devant cet objet Magique et Color\u00e9.<\/p>\n<h2 style=\"text-align: center;\">\u00a0\u00bb Un <span style=\"color: #cc0000;\">Ballon Sculpt\u00e9<\/span><br \/>\nest bien <span style=\"color: #cc0000;\">plus merveilleux<\/span> encore ! \u00ab\u00a0<\/h2>\n<p style=\"text-align: center;\">\u00a0Des figurines sont fabriqu\u00e9es \u00e0 partir d&rsquo;un ballon identique \u00e0 la base.<\/p>\n<p style=\"text-align: center;\">Pourtant elles sont toutes plus vari\u00e9es et color\u00e9es les unes que les autres.<\/p>\n<h2 style=\"text-align: center;\">\u00a0\u00bb <span style=\"color: #cc0000;\">Chaque enfant<\/span> repart chez lui<br \/>\navec une figurine \u00ab\u00a0<\/h2>\n<p>&nbsp;<\/p>\n<h3>\u00a0En voici quelques exemples :<\/h3>\n<p>&nbsp;<\/p>\n<div class=\"L500\">\n<figure id=\"attachment_1373\" aria-describedby=\"caption-attachment-1373\" style=\"width: 200px\" class=\"wp-caption alignleft\"><img loading=\"lazy\" decoding=\"async\" class=\"wp-image-1373 size-full\" title=\"Ballon Coccinelle\" src=\"https:\/\/www.magicien-anniversaire-enfant.com\/blog\/wp-magic-blog\/uploads\/2015\/04\/coccinelle.jpg\" alt=\"Ballon Coccinelle\" width=\"200\" height=\"150\" \/><figcaption id=\"caption-attachment-1373\" class=\"wp-caption-text\">La Coccinelle<\/figcaption><\/figure>\n<figure id=\"attachment_1390\" aria-describedby=\"caption-attachment-1390\" style=\"width: 200px\" class=\"wp-caption alignleft\"><img loading=\"lazy\" decoding=\"async\" class=\"wp-image-1390 size-full\" title=\"Ballon Serpent\" src=\"https:\/\/www.magicien-anniversaire-enfant.com\/blog\/wp-magic-blog\/uploads\/2015\/04\/serpent.jpg\" alt=\"Ballon : Le serpent \" width=\"200\" height=\"150\" \/><figcaption id=\"caption-attachment-1390\" class=\"wp-caption-text\">Le Serpent<\/figcaption><\/figure>\n<figure id=\"attachment_1374\" aria-describedby=\"caption-attachment-1374\" style=\"width: 171px\" class=\"wp-caption alignleft\"><img loading=\"lazy\" decoding=\"async\" class=\"wp-image-1374 size-full\" title=\"Ballon Cochon\" src=\"https:\/\/www.magicien-anniversaire-enfant.com\/blog\/wp-magic-blog\/uploads\/2015\/04\/cochon.jpg\" alt=\" Ballon : Le Cochon\" width=\"171\" height=\"150\" \/><figcaption id=\"caption-attachment-1374\" class=\"wp-caption-text\">Le Cochon<\/figcaption><\/figure>\n<p>&nbsp;<\/p>\n<p><img loading=\"lazy\" decoding=\"async\" class=\"alignleft wp-image-1386 size-full\" title=\"Gateasu en Ballon\" src=\"http:\/\/www.magicien-anniversaire-enfant.com\/blog\/wp-magic-blog\/uploads\/2015\/04\/nadege.jpg\" alt=\"Un Magicien \u00e0 Domicile Pour Son Anniversaire\" width=\"305\" height=\"256\" srcset=\"https:\/\/www.magicien-anniversaire-enfant.com\/blog\/wp-magic-blog\/uploads\/2015\/04\/nadege.jpg 305w, https:\/\/www.magicien-anniversaire-enfant.com\/blog\/wp-magic-blog\/uploads\/2015\/04\/nadege-300x252.jpg 300w\" sizes=\"auto, (max-width: 305px) 100vw, 305px\" \/><img loading=\"lazy\" decoding=\"async\" class=\"alignleft wp-image-1384\" title=\"gateau de ballons sculpt\u00e9s\" src=\"https:\/\/www.magicien-anniversaire-enfant.com\/blog\/wp-magic-blog\/uploads\/2015\/04\/Gateau-en-ballons.jpg\" alt=\"Gateau-en-ballons\" width=\"318\" height=\"255\" srcset=\"https:\/\/www.magicien-anniversaire-enfant.com\/blog\/wp-magic-blog\/uploads\/2015\/04\/Gateau-en-ballons.jpg 312w, https:\/\/www.magicien-anniversaire-enfant.com\/blog\/wp-magic-blog\/uploads\/2015\/04\/Gateau-en-ballons-300x240.jpg 300w\" sizes=\"auto, (max-width: 318px) 100vw, 318px\" \/><\/p>\n<p>&nbsp;<\/p>\n<p>&nbsp;<\/p>\n<p>&nbsp;<\/p>\n<p>&nbsp;<\/p>\n<p>&nbsp;<\/p>\n<p>&nbsp;<\/p>\n<p>&nbsp;<\/p>\n<h4 style=\"text-align: center;\">le <span style=\"color: #cc0000;\">P<\/span>ack <span style=\"color: #cc0000;\">A<\/span>nimation <span style=\"color: #cc0000;\">A<\/span>nniversaires <span style=\"color: #cc0000;\">E<\/span>nfants <span style=\"color: #cc0000;\">amuse<\/span> et <span style=\"color: #cc0000;\">divertit<\/span> de <span style=\"color: #cc0000;\">3 \u00e0 10 ans<\/span><\/h4>\n<\/div>\n<p>&nbsp;<\/p>\n<p style=\"text-align: right;\"><img loading=\"lazy\" decoding=\"async\" class=\"aligncenter wp-image-1340 size-full\" src=\"https:\/\/www.magicien-anniversaire-enfant.com\/blog\/wp-magic-blog\/uploads\/2015\/04\/08.jpg\" alt=\"08\" width=\"700\" height=\"275\" srcset=\"https:\/\/www.magicien-anniversaire-enfant.com\/blog\/wp-magic-blog\/uploads\/2015\/04\/08.jpg 700w, https:\/\/www.magicien-anniversaire-enfant.com\/blog\/wp-magic-blog\/uploads\/2015\/04\/08-300x118.jpg 300w\" sizes=\"auto, (max-width: 700px) 100vw, 700px\" \/>.<\/p>\n<p>&nbsp;<\/p>\n<h3 style=\"text-align: center;\">Mais ce n&rsquo;est pas tout &#8230;<\/h3>\n<h2 style=\"text-align: center;\">Pour finir, une <span style=\"color: #cc0000;\">magnifique<\/span> <span style=\"color: #cc0000;\">surprise<\/span> est remise<br \/>\nau Roi ou \u00e0 la Reine de la f\u00eate &#8230;<\/h2>\n<p style=\"text-align: center;\">Mais je n&rsquo;en dis pas plus :<strong><span style=\"color: #cc0000;\"> C&rsquo;est une surprise<\/span><\/strong> !<\/p>\n<p>&nbsp;<\/p>\n<blockquote>\n<p style=\"text-align: center;\"><strong>\u00a0\u00bb <span style=\"color: #000000;\">Une Formule<\/span> Compl\u00e8te et Fiable ! \u00ab\u00a0<\/strong><\/p>\n<p style=\"text-align: center;\"><img loading=\"lazy\" decoding=\"async\" class=\"aligncenter wp-image-2628 size-full\" src=\"https:\/\/www.magicien-anniversaire-enfant.com\/blog\/wp-magic-blog\/uploads\/2019\/11\/fleche-vers-le-bas-rouge.png\" alt=\"\" width=\"45\" height=\"95\" \/><strong><span style=\"color: #000000;\">Spectacle de<\/span> Magie<\/strong><\/p>\n<p style=\"text-align: center;\"><strong>+<\/strong><\/p>\n<p style=\"text-align: center;\"><strong>Atelier <span style=\"color: #000000;\">de Magie<\/span><\/strong><\/p>\n<p style=\"text-align: center;\"><strong>+<\/strong><\/p>\n<p style=\"text-align: center;\"><strong><span style=\"color: #000000;\">Spectacle de <\/span>Sculpture sur Ballons<\/strong><\/p>\n<p style=\"text-align: center;\"><strong>+<\/strong><\/p>\n<p style=\"text-align: center;\"><strong><span style=\"color: #000000;\">Un<\/span> Cadeau Surprise <span style=\"color: #000000;\">Pour Votre Enfant<\/span><\/strong><\/p>\n<p style=\"text-align: center;\"><strong>=<\/strong><\/p>\n<p style=\"text-align: center;\"><strong><span style=\"color: #000000;\">Le<\/span> P<span style=\"color: #000000;\">ack<\/span> A<span style=\"color: #000000;\">nimation<\/span> A<span style=\"color: #000000;\">nniversaires<\/span> E<span style=\"color: #000000;\">nfants<\/span><\/strong><\/p>\n<p style=\"text-align: center;\"><strong>PAAE<\/strong><\/p>\n<\/blockquote>\n<p>&nbsp;<\/p>\n<ul>\n<li>Un Magicien \u00e0 Domicile pour tout l&rsquo;Apr\u00e8s-Midi<\/li>\n<li>Une ambiance festive et r\u00e9cr\u00e9ative assur\u00e9e<\/li>\n<li>Une Magie dynamique et color\u00e9e<\/li>\n<li>Des sculptures sur ballons pour tout le monde<\/li>\n<\/ul>\n<p><!--\n\n\n<h4 style=\"text-align: center;\"><a rel=\u201dnofollow\u201d href=\"https:\/\/www.magicien-anniversaire-enfant.com\/devis\/?T=LV1\" ><span style=\"color: #000000;\">Cliquez Ici<\/span> Pour Conna\u00eetre Le Tarif<\/a><\/h4>\n\n\n--><\/p>\n<p><center><br \/>\n<a class=\"maxbutton-1 maxbutton maxbutton-tarifs-paae\" title=\"Obtenez Gratuitement Un Devis Personnalis\u00e9\" href=\"https:\/\/www.LaMagieDeChrystian.fr\/en-savoir-plus.html\"><span class='mb-text'>&gt;&gt; Conna\u00eetre Le Tarif<\/span><\/a><\/center>&nbsp;<\/p>\n<p>&nbsp;<\/p>\n<h3>T\u00e9moignages<\/h3>\n<p><img loading=\"lazy\" decoding=\"async\" class=\"aligncenter size-large wp-image-1587\" src=\"https:\/\/www.magicien-anniversaire-enfant.com\/blog\/wp-magic-blog\/uploads\/2015\/04\/2015-04-24-Margaux-6-ans-1024x374.jpg\" alt=\"2015-04-24-Margaux-6-ans\" width=\"628\" height=\"229\" srcset=\"https:\/\/www.magicien-anniversaire-enfant.com\/blog\/wp-magic-blog\/uploads\/2015\/04\/2015-04-24-Margaux-6-ans.jpg 1024w, https:\/\/www.magicien-anniversaire-enfant.com\/blog\/wp-magic-blog\/uploads\/2015\/04\/2015-04-24-Margaux-6-ans-300x110.jpg 300w, https:\/\/www.magicien-anniversaire-enfant.com\/blog\/wp-magic-blog\/uploads\/2015\/04\/2015-04-24-Margaux-6-ans-956x349.jpg 956w\" sizes=\"auto, (max-width: 628px) 100vw, 628px\" \/><\/p>\n<p><img loading=\"lazy\" decoding=\"async\" class=\"aligncenter wp-image-1528 size-large\" src=\"https:\/\/www.magicien-anniversaire-enfant.com\/blog\/wp-magic-blog\/uploads\/2015\/04\/2015-04-22-anniversaire-Jade-6-ans-1024x630.jpg\" alt=\"2015-04-22-anniversaire-Jade-6-ans\" width=\"628\" height=\"386\" srcset=\"https:\/\/www.magicien-anniversaire-enfant.com\/blog\/wp-magic-blog\/uploads\/2015\/04\/2015-04-22-anniversaire-Jade-6-ans.jpg 1024w, https:\/\/www.magicien-anniversaire-enfant.com\/blog\/wp-magic-blog\/uploads\/2015\/04\/2015-04-22-anniversaire-Jade-6-ans-300x184.jpg 300w, https:\/\/www.magicien-anniversaire-enfant.com\/blog\/wp-magic-blog\/uploads\/2015\/04\/2015-04-22-anniversaire-Jade-6-ans-956x588.jpg 956w\" sizes=\"auto, (max-width: 628px) 100vw, 628px\" \/><\/p>\n<p><img loading=\"lazy\" decoding=\"async\" class=\"aligncenter wp-image-1396 size-full\" src=\"https:\/\/www.magicien-anniversaire-enfant.com\/blog\/wp-magic-blog\/uploads\/2015\/04\/temoignage_anniv.gif\" alt=\"temoignage_anniv\" width=\"700\" height=\"371\" \/><img loading=\"lazy\" decoding=\"async\" class=\"aligncenter wp-image-1394 size-full\" src=\"https:\/\/www.magicien-anniversaire-enfant.com\/blog\/wp-magic-blog\/uploads\/2015\/04\/temoignage_100207.gif\" alt=\"temoignage_100207\" width=\"700\" height=\"267\" \/><\/p>\n<p><img loading=\"lazy\" decoding=\"async\" class=\"aligncenter wp-image-1395 size-full\" src=\"https:\/\/www.magicien-anniversaire-enfant.com\/blog\/wp-magic-blog\/uploads\/2015\/04\/temoignage_140107.gif\" alt=\"temoignage_140107\" width=\"700\" height=\"225\" \/><\/p>\n<p>&nbsp;<\/p>\n<p style=\"text-align: right;\"><a title=\"Autres T\u00e9moignages\" href=\"https:\/\/www.magicien-anniversaire-enfant.com\/blog\/category\/temoignages-manuscrits\/\"><span style=\"color: #000000;\">Lire d&rsquo;<\/span>autres t\u00e9moignages<\/a><\/p>\n<p>&nbsp;<\/p>\n<hr \/>\n<p style=\"text-align: left;\">&#8230;Chrystian Yann poss\u00e8de une grande exp\u00e9rience du public d&rsquo;enfants car il sait leur montrer autre chose que la technique ; gr\u00e2ce au ton de la voix, \u00e0 quelques surprises auditives, et \u00e0 une mise en sc\u00e8ne bien adapt\u00e9e. Il capte leur attention en permanence et ne leur laisse aucun moment de r\u00e9pit. Un tr\u00e8s agr\u00e9able spectacle, qui fait totalement oublier les intemp\u00e9ries ext\u00e9rieures.<\/p>\n<p style=\"text-align: right;\"><span style=\"color: #cc0000;\"><strong>\u00a0 J.Mas \/ Midi Libre H\u00e9rault \/ 2006<\/strong><\/span><\/p>\n<hr \/>\n<p><!--\n\n\n<h4 style=\"text-align: center;\"><a href=\"https:\/\/www.magicien-anniversaire-enfant.com\/devis\/?T=LV2\" rel=\u201dnofollow\u201d><span style=\"color: #000000;\">Cliquez Ici<\/span> Pour Conna\u00eetre Le Tarif<\/a><\/h4>\n\n\n--><\/p>\n<p><center><br \/>\n<a class=\"maxbutton-1 maxbutton maxbutton-tarifs-paae\" title=\"Obtenez Gratuitement Un Devis Personnalis\u00e9\" href=\"https:\/\/www.LaMagieDeChrystian.fr\/en-savoir-plus.html\"><span class='mb-text'>&gt;&gt; Conna\u00eetre Le Tarif<\/span><\/a><\/center>&nbsp;<\/p>\n<p>&nbsp;<\/p>\n<p style=\"text-align: center;\">A tr\u00e8s bient\u00f4t,<br \/>\n<img loading=\"lazy\" decoding=\"async\" class=\"aligncenter wp-image-1391 size-full\" src=\"https:\/\/www.magicien-anniversaire-enfant.com\/blog\/wp-magic-blog\/uploads\/2015\/04\/signature_cy1.jpg\" alt=\"signature_cy\" width=\"271\" height=\"91\" \/><br \/>\nChrystian Yann &#8211; Magicien<\/p>\n<p>&nbsp;<\/p>\n","protected":false},"excerpt":{"rendered":"<p>Un Magicien \u00c0 Domicile Un Anniversaire Pas Comme Les Autres \u00a0\u00bb Ma fille se rappellera de ses 10 ans gr\u00e2ce \u00e0 vous &#8230; M\u00eame le port du masque n&rsquo;a pas g\u00e2ch\u00e9 sa joie ! \u00a0\u00bb \u00c9milie, N\u00eemes Bonjour, L&rsquo;anniversaire de votre enfant approche \u00e0 grand pas. Les ann\u00e9es pr\u00e9c\u00e9dentes il a s\u00fbrement f\u00eat\u00e9 son anniversaire [&hellip;]<\/p>\n","protected":false},"author":2,"featured_media":0,"parent":0,"menu_order":0,"comment_status":"closed","ping_status":"closed","template":"","meta":{"footnotes":""},"class_list":["post-1126","page","type-page","status-publish","hentry"],"blocksy_meta":[],"_links":{"self":[{"href":"https:\/\/www.magicien-anniversaire-enfant.com\/blog\/wp-json\/wp\/v2\/pages\/1126","targetHints":{"allow":["GET"]}}],"collection":[{"href":"https:\/\/www.magicien-anniversaire-enfant.com\/blog\/wp-json\/wp\/v2\/pages"}],"about":[{"href":"https:\/\/www.magicien-anniversaire-enfant.com\/blog\/wp-json\/wp\/v2\/types\/page"}],"author":[{"embeddable":true,"href":"https:\/\/www.magicien-anniversaire-enfant.com\/blog\/wp-json\/wp\/v2\/users\/2"}],"replies":[{"embeddable":true,"href":"https:\/\/www.magicien-anniversaire-enfant.com\/blog\/wp-json\/wp\/v2\/comments?post=1126"}],"version-history":[{"count":323,"href":"https:\/\/www.magicien-anniversaire-enfant.com\/blog\/wp-json\/wp\/v2\/pages\/1126\/revisions"}],"predecessor-version":[{"id":3145,"href":"https:\/\/www.magicien-anniversaire-enfant.com\/blog\/wp-json\/wp\/v2\/pages\/1126\/revisions\/3145"}],"wp:attachment":[{"href":"https:\/\/www.magicien-anniversaire-enfant.com\/blog\/wp-json\/wp\/v2\/media?parent=1126"}],"curies":[{"name":"wp","href":"https:\/\/api.w.org\/{rel}","templated":true}]}}